{"id":13737,"date":"2024-01-11T17:36:03","date_gmt":"2024-01-11T16:36:03","guid":{"rendered":"https:\/\/pereglin.com\/razmjena\/?post_type=product&#038;p=13737"},"modified":"2024-01-30T21:07:31","modified_gmt":"2024-01-30T20:07:31","slug":"ljupcec-vegeta-sjeme-starinsko-organsko","status":"publish","type":"product","link":"https:\/\/pereglin.com\/razmjena\/proizvod\/ljupcec-vegeta-sjeme-starinsko-organsko\/","title":{"rendered":"Ljup\u010dec &#8211; Vegeta sjeme starinsko organsko"},"content":{"rendered":"<h2>Starinsko organsko Sjeme Ljup\u010deca (ljup\u010dac vegeta) &#8211; Delikatna Ljepota Va\u0161eg Vrta<\/h2>\n<p>Uzgoj sjemena ljup\u010deca donosi u va\u0161 vrt delikatnu ljepotu koja \u0107e o\u010darati va\u0161e prostorije svojim svijetlim cvjetovima. Ljup\u010dec je u narodu jo\u0161 poznat kao:\u00a0ljup\u010dac, vegeta. Ovo visokokvalitetno sjeme omogu\u0107ava uzgoj biljke koja \u0107e dodati poseban \u0161arm va\u0161em vrtu.<\/p>\n<p>U svakom paketi\u0107u ima dovoljno sjemena za gusto posaditi na 2m kvadratna.<\/p>\n<h3>Vrijeme Sjetve<\/h3>\n<ul>\n<li><strong>Optimalno Vrijeme:<\/strong> Rano prolje\u0107e do ljeta.<\/li>\n<li><strong>Dubina Sjetve:<\/strong> Pribli\u017eno 0.5 cm.<\/li>\n<li><strong>Razmak Izme\u0111u Biljaka:<\/strong> Preporu\u010deno 20-25 cm.<\/li>\n<\/ul>\n<h3>Vodene Potrebe<\/h3>\n<ul>\n<li><strong>Zalijevanje:<\/strong> Redovito zalijevanje, odr\u017eavajte tlo ravnomjerno vla\u017enim.<\/li>\n<li><strong>Vla\u017enost Tla:<\/strong> Preferira ravnomjerno vla\u017eno tlo.<\/li>\n<\/ul>\n<h3>Gnojidba<\/h3>\n<ul>\n<li><strong>Preporu\u010deno Gnojivo:<\/strong> Univerzalno gnojivo s izbalansiranim hranjivim tvarima.<\/li>\n<li><strong>Frekvencija Gnojidbe:<\/strong> Prvo gnojenje prije sadnje, zatim svaka 4-6 tjedana tijekom sezone rasta.<\/li>\n<\/ul>\n<h3>Sun\u010deva Svjetlost<\/h3>\n<ul>\n<li><strong>Potreba za Svjetlo\u0161\u0107u:<\/strong> Ljup\u010dec preferira sun\u010dane pozicije, ali podnosi i djelomi\u010dnu sjenu.<\/li>\n<li><strong>Trajanje Izlaganja Suncu:<\/strong> Minimalno 6 sati direktnog sun\u010devog svjetla dnevno.<\/li>\n<\/ul>\n<h3>Kompatibilnost u Vrtu<\/h3>\n<p><strong>Dobri Susjedi:<\/strong><\/p>\n<ul>\n<li>Kamilica<\/li>\n<li>Kadulja<\/li>\n<li>Neven<\/li>\n<li>Rudbekija<\/li>\n<\/ul>\n<p><strong>Lo\u0161i Susjedi:<\/strong><\/p>\n<ul>\n<li>Masla\u010dak<\/li>\n<li>Kopriva<\/li>\n<li>Kukuruz<\/li>\n<li>Krumpir<\/li>\n<\/ul>\n<h3>Organska Za\u0161tita od \u0160teto\u010dina<\/h3>\n<ul>\n<li><strong>Mogu\u0107i \u0160tetnici:<\/strong> U\u0161i, grinje.<\/li>\n<li><strong>Za\u0161tita:<\/strong> Redovito prskanje biljke saponskom vodom, kori\u0161tenje prirodnih insekticida.<\/li>\n<\/ul>\n","protected":false},"excerpt":{"rendered":"<p>Starinsko organsko Sjeme Ljup\u010deca (ljup\u010dac vegeta) &#8211; Delikatna Ljepota Va\u0161eg Vrta Uzgoj sjemena ljup\u010deca donosi u va\u0161 vrt delikatnu ljepotu koja \u0107e o\u010darati va\u0161e prostorije svojim svijetlim cvjetovima. Ljup\u010dec je u narodu jo\u0161 poznat kao:\u00a0ljup\u010dac, vegeta. Ovo visokokvalitetno sjeme omogu\u0107ava uzgoj biljke koja \u0107e dodati poseban \u0161arm va\u0161em vrtu. U svakom paketi\u0107u ima dovoljno sjemena&#8230;<\/p>\n","protected":false},"featured_media":14860,"template":"","meta":[],"product_cat":[136,119,147,149,145],"product_tag":[],"_links":{"self":[{"href":"https:\/\/pereglin.com\/razmjena\/wp-json\/wp\/v2\/product\/13737"}],"collection":[{"href":"https:\/\/pereglin.com\/razmjena\/wp-json\/wp\/v2\/product"}],"about":[{"href":"https:\/\/pereglin.com\/razmjena\/wp-json\/wp\/v2\/types\/product"}],"wp:featuredmedia":[{"embeddable":true,"href":"https:\/\/pereglin.com\/razmjena\/wp-json\/wp\/v2\/media\/14860"}],"wp:attachment":[{"href":"https:\/\/pereglin.com\/razmjena\/wp-json\/wp\/v2\/media?parent=13737"}],"wp:term":[{"taxonomy":"product_cat","embeddable":true,"href":"https:\/\/pereglin.com\/razmjena\/wp-json\/wp\/v2\/product_cat?post=13737"},{"taxonomy":"product_tag","embeddable":true,"href":"https:\/\/pereglin.com\/razmjena\/wp-json\/wp\/v2\/product_tag?post=13737"}],"curies":[{"name":"wp","href":"https:\/\/api.w.org\/{rel}","templated":true}]}}