{"id":13746,"date":"2024-01-11T17:36:03","date_gmt":"2024-01-11T16:36:03","guid":{"rendered":"https:\/\/pereglin.com\/razmjena\/?post_type=product&#038;p=13746"},"modified":"2024-01-30T21:25:03","modified_gmt":"2024-01-30T20:25:03","slug":"brokula-sjeme-starinsko-organsko","status":"publish","type":"product","link":"https:\/\/pereglin.com\/razmjena\/proizvod\/brokula-sjeme-starinsko-organsko\/","title":{"rendered":"Brokula sjeme starinsko organsko"},"content":{"rendered":"<h2>Starinsko organsko Sjeme Brokule (brokoli brokolj brokulica)- Nutritivna Snaga za Va\u0161 Vrt<\/h2>\n<p>Uzgoj sjemena brokule donosi u va\u0161 vrt nutritivnu snagu koja \u0107e obogatiti va\u0161u prehranu. Brokula je u narodu jo\u0161 poznata kao: brokoli, brokolj, brokulica. Ovo visokokvalitetno sjeme omogu\u0107ava uzgoj so\u010dnih i ukusnih cvjetova brokule, bogatih vitaminima i mineralima, \u010dine\u0107i ih izvrsnim dodatkom svakodnevnim obrocima.<\/p>\n<p>U svakom paketi\u0107u ima dovoljno sjemena za gusto posaditi na 2m kvadratna.<\/p>\n<h3>Vrijeme Sjetve<\/h3>\n<ul>\n<li><strong>Optimalno Vrijeme:<\/strong> Rano prolje\u0107e ili kasno ljeto za jesenski usjev.<\/li>\n<li><strong>Dubina Sjetve:<\/strong> Pribli\u017eno 1-2 cm.<\/li>\n<li><strong>Razmak Izme\u0111u Biljaka:<\/strong> Preporu\u010deno 45-60 cm.<\/li>\n<\/ul>\n<h3>Vodene Potrebe<\/h3>\n<ul>\n<li><strong>Zalijevanje:<\/strong> Umjereno zalijevanje, odr\u017eavajte tlo stalno vla\u017enim.<\/li>\n<li><strong>Vla\u017enost Tla:<\/strong> Preferira ravnomjerno vla\u017eno tlo.<\/li>\n<\/ul>\n<h3>Gnojidba<\/h3>\n<ul>\n<li><strong>Preporu\u010deno Gnojivo:<\/strong> Gnojivo bogato du\u0161ikom.<\/li>\n<li><strong>Frekvencija Gnojidbe:<\/strong> Prvo gnojenje prije sadnje, zatim svaka 2-3 tjedna tijekom sezone rasta.<\/li>\n<\/ul>\n<h3>Sun\u010deva Svjetlost<\/h3>\n<ul>\n<li><strong>Potreba za Svjetlo\u0161\u0107u:<\/strong> Brokula voli puno sunca, ali podnosi i djelomi\u010dnu sjenu.<\/li>\n<li><strong>Trajanje Izlaganja Suncu:<\/strong> Minimalno 6 sati direktnog sun\u010devog svjetla dnevno.<\/li>\n<\/ul>\n<h3>Kompatibilnost u Vrtu<\/h3>\n<p><strong>Dobri Susjedi:<\/strong><\/p>\n<ul>\n<li>Mrkva<\/li>\n<li>Luk<\/li>\n<li>Salata<\/li>\n<li>Raj\u010dica<\/li>\n<\/ul>\n<p><strong>Lo\u0161i Susjedi:<\/strong><\/p>\n<ul>\n<li>Jagode<\/li>\n<li>Kupus<\/li>\n<li>Krumpir<\/li>\n<li>Kukuruz<\/li>\n<\/ul>\n<h3>Organska Za\u0161tita od \u0160teto\u010dina<\/h3>\n<ul>\n<li><strong>Mogu\u0107i \u0160tetnici:<\/strong> Kupusni moljci, pu\u017eevi.<\/li>\n<li><strong>Za\u0161tita:<\/strong> Kori\u0161tenje insektnih mre\u017ea, prirodni insekticidi.<\/li>\n<\/ul>\n","protected":false},"excerpt":{"rendered":"<p>Starinsko organsko Sjeme Brokule (brokoli brokolj brokulica)- Nutritivna Snaga za Va\u0161 Vrt Uzgoj sjemena brokule donosi u va\u0161 vrt nutritivnu snagu koja \u0107e obogatiti va\u0161u prehranu. Brokula je u narodu jo\u0161 poznata kao: brokoli, brokolj, brokulica. Ovo visokokvalitetno sjeme omogu\u0107ava uzgoj so\u010dnih i ukusnih cvjetova brokule, bogatih vitaminima i mineralima, \u010dine\u0107i ih izvrsnim dodatkom svakodnevnim&#8230;<\/p>\n","protected":false},"featured_media":14552,"template":"","meta":[],"product_cat":[119,147,149,145],"product_tag":[],"_links":{"self":[{"href":"https:\/\/pereglin.com\/razmjena\/wp-json\/wp\/v2\/product\/13746"}],"collection":[{"href":"https:\/\/pereglin.com\/razmjena\/wp-json\/wp\/v2\/product"}],"about":[{"href":"https:\/\/pereglin.com\/razmjena\/wp-json\/wp\/v2\/types\/product"}],"wp:featuredmedia":[{"embeddable":true,"href":"https:\/\/pereglin.com\/razmjena\/wp-json\/wp\/v2\/media\/14552"}],"wp:attachment":[{"href":"https:\/\/pereglin.com\/razmjena\/wp-json\/wp\/v2\/media?parent=13746"}],"wp:term":[{"taxonomy":"product_cat","embeddable":true,"href":"https:\/\/pereglin.com\/razmjena\/wp-json\/wp\/v2\/product_cat?post=13746"},{"taxonomy":"product_tag","embeddable":true,"href":"https:\/\/pereglin.com\/razmjena\/wp-json\/wp\/v2\/product_tag?post=13746"}],"curies":[{"name":"wp","href":"https:\/\/api.w.org\/{rel}","templated":true}]}}