{"id":13811,"date":"2024-01-11T17:36:10","date_gmt":"2024-01-11T16:36:10","guid":{"rendered":"https:\/\/pereglin.com\/razmjena\/?post_type=product&#038;p=13811"},"modified":"2024-01-31T18:12:33","modified_gmt":"2024-01-31T17:12:33","slug":"trputac-sirokolisni-sjeme-starinsko-organsko","status":"publish","type":"product","link":"https:\/\/pereglin.com\/razmjena\/proizvod\/trputac-sirokolisni-sjeme-starinsko-organsko\/","title":{"rendered":"Trputac \u0161irokolisni sjeme starinsko organsko"},"content":{"rendered":"<h2>Starinsko organsko Sjeme \u0160irokolisnog Trputca (bokvica) &#8211; Prirodna Snaga za Va\u0161 Vrt<\/h2>\n<p>Sjeme \u0161irokolisnog trputca unosi prirodnu snagu izravno u va\u0161 vrt. Trputac je u narodu jo\u0161 poznat kao bokvica. Ovo visokokvalitetno sjeme jam\u010di uspje\u0161an uzgoj \u0161irokolisnog trputca, biljke s iznimnim ljekovitim svojstvima i svestranom primjenom.<\/p>\n<p>U svakom paketi\u0107u ima dovoljno sjemena za gusto posaditi na 2m kvadratna.<\/p>\n<h3>Vrijeme Sjetve<\/h3>\n<ul>\n<li><strong>Optimalno Vrijeme:<\/strong> Rano prolje\u0107e.<\/li>\n<li><strong>Dubina Sjetve:<\/strong> Pribli\u017eno 0.5 cm.<\/li>\n<li><strong>Razmak Izme\u0111u Biljaka:<\/strong> Preporu\u010deno 20-30 cm.<\/li>\n<\/ul>\n<h3>Vodene Potrebe<\/h3>\n<ul>\n<li><strong>Zalijevanje:<\/strong> Umjereno zalijevanje, trputac dobro podnosi su\u0161ne uvjete.<\/li>\n<li><strong>Vla\u017enost Tla:<\/strong> Trputac se prilago\u0111ava razli\u010ditim uvjetima tla, ali preferira umjerenu vla\u017enost.<\/li>\n<\/ul>\n<h3>Gnojidba<\/h3>\n<ul>\n<li><strong>Preporu\u010deno Gnojivo:<\/strong> Organsko gnojivo za univerzalnu primjenu.<\/li>\n<li><strong>Frekvencija Gnojidbe:<\/strong> Minimalna, trputac nije zahtjevan glede gnojidbe.<\/li>\n<\/ul>\n<h3>Sun\u010deva Svjetlost<\/h3>\n<ul>\n<li><strong>Potreba za Svjetlo\u0161\u0107u:<\/strong> Trputac uspijeva u punom suncu i djelomi\u010dnoj sjeni.<\/li>\n<li><strong>Trajanje Izlaganja Suncu:<\/strong> Minimalno 4-6 sati dnevno.<\/li>\n<\/ul>\n<h3>Kompatibilnost u Vrtu<\/h3>\n<p><strong>Dobri Susjedi:<\/strong><\/p>\n<ul>\n<li>Maj\u010dina du\u0161ica<\/li>\n<li>Kadulja<\/li>\n<li>Neven<\/li>\n<li>Lavanda<\/li>\n<\/ul>\n<p><strong>Lo\u0161i Susjedi:<\/strong><\/p>\n<ul>\n<li>Kopriva<\/li>\n<li>Masla\u010dak<\/li>\n<li>Ambrozija<\/li>\n<li>Divlji luk<\/li>\n<\/ul>\n<h3>Organska Za\u0161tita od \u0160teto\u010dina<\/h3>\n<ul>\n<li><strong>Mogu\u0107i \u0160tetnici:<\/strong> Otporan na ve\u0107inu \u0161tetnika.<\/li>\n<li><strong>Za\u0161tita:<\/strong> Redovito ko\u0161enje odr\u017eava zdrav rast.<\/li>\n<\/ul>\n","protected":false},"excerpt":{"rendered":"<p>Starinsko organsko Sjeme \u0160irokolisnog Trputca (bokvica) &#8211; Prirodna Snaga za Va\u0161 Vrt Sjeme \u0161irokolisnog trputca unosi prirodnu snagu izravno u va\u0161 vrt. Trputac je u narodu jo\u0161 poznat kao bokvica. Ovo visokokvalitetno sjeme jam\u010di uspje\u0161an uzgoj \u0161irokolisnog trputca, biljke s iznimnim ljekovitim svojstvima i svestranom primjenom. U svakom paketi\u0107u ima dovoljno sjemena za gusto posaditi&#8230;<\/p>\n","protected":false},"featured_media":14455,"template":"","meta":[],"product_cat":[130,148,150,146],"product_tag":[],"_links":{"self":[{"href":"https:\/\/pereglin.com\/razmjena\/wp-json\/wp\/v2\/product\/13811"}],"collection":[{"href":"https:\/\/pereglin.com\/razmjena\/wp-json\/wp\/v2\/product"}],"about":[{"href":"https:\/\/pereglin.com\/razmjena\/wp-json\/wp\/v2\/types\/product"}],"wp:featuredmedia":[{"embeddable":true,"href":"https:\/\/pereglin.com\/razmjena\/wp-json\/wp\/v2\/media\/14455"}],"wp:attachment":[{"href":"https:\/\/pereglin.com\/razmjena\/wp-json\/wp\/v2\/media?parent=13811"}],"wp:term":[{"taxonomy":"product_cat","embeddable":true,"href":"https:\/\/pereglin.com\/razmjena\/wp-json\/wp\/v2\/product_cat?post=13811"},{"taxonomy":"product_tag","embeddable":true,"href":"https:\/\/pereglin.com\/razmjena\/wp-json\/wp\/v2\/product_tag?post=13811"}],"curies":[{"name":"wp","href":"https:\/\/api.w.org\/{rel}","templated":true}]}}