{"id":13820,"date":"2024-01-11T17:36:11","date_gmt":"2024-01-11T16:36:11","guid":{"rendered":"https:\/\/pereglin.com\/razmjena\/?post_type=product&#038;p=13820"},"modified":"2024-01-31T18:20:06","modified_gmt":"2024-01-31T17:20:06","slug":"mosusna-kadulja-sjeme-starinsko-organsko","status":"publish","type":"product","link":"https:\/\/pereglin.com\/razmjena\/proizvod\/mosusna-kadulja-sjeme-starinsko-organsko\/","title":{"rendered":"Mosu\u0161na kadulja sjeme starinsko organsko"},"content":{"rendered":"<h2>Starinsko organsko Sjeme Mordu\u0161ne Kadulje (mu\u0161katna kadulja) &#8211; Mirisna \u010carolija za Va\u0161 Vrt<\/h2>\n<p>Sjeme mordu\u0161ne kadulje donosi mirisnu \u010daroliju u va\u0161 vrt. Mosu\u0161na kadulja je u narodu jo\u0161 poznata kao mu\u0161katna kadulja. Ovaj visokokvalitetni proizvod jam\u010di rast ove prepoznatljive aromati\u010dne biljke \u010dije li\u0161\u0107e pru\u017ea nevjerojatan miris i dodatnu vrijednost va\u0161em vrtu.<\/p>\n<p>U svakom paketi\u0107u ima dovoljno sjemena za gusto posaditi na 2m kvadratna.<\/p>\n<h3>Vrijeme Sjetve<\/h3>\n<ul>\n<li><strong>Optimalno Vrijeme:<\/strong> Rano prolje\u0107e.<\/li>\n<li><strong>Dubina Sjetve:<\/strong> Pribli\u017eno 0.5 cm.<\/li>\n<li><strong>Razmak Izme\u0111u Biljaka:<\/strong> Preporu\u010deno 30-45 cm.<\/li>\n<\/ul>\n<h3>Vodene Potrebe<\/h3>\n<ul>\n<li><strong>Zalijevanje:<\/strong> Umjereno zalijevanje tijekom su\u0161nih razdoblja.<\/li>\n<li><strong>Vla\u017enost Tla:<\/strong> Odr\u017eavajte tlo umjereno vla\u017enim, izbjegavajte prekomjernu vla\u017enost.<\/li>\n<\/ul>\n<h3>Gnojidba<\/h3>\n<ul>\n<li><strong>Preporu\u010deno Gnojivo:<\/strong> Organsko gnojivo s naglaskom na kalij.<\/li>\n<li><strong>Frekvencija Gnojidbe:<\/strong> Jednom mjese\u010dno tijekom vegetacijske sezone.<\/li>\n<\/ul>\n<h3>Sun\u010deva Svjetlost<\/h3>\n<ul>\n<li><strong>Potreba za Svjetlo\u0161\u0107u:<\/strong> Preferira puno sun\u010deve svjetlosti.<\/li>\n<li><strong>Trajanje Izlaganja Suncu:<\/strong> Minimalno 6 sati direktnog sun\u010devog svjetla dnevno.<\/li>\n<\/ul>\n<h3>Kompatibilnost u Vrtu<\/h3>\n<p><strong>Dobri Susjedi:<\/strong><\/p>\n<ul>\n<li>Ru\u017ee<\/li>\n<li>Lavanda<\/li>\n<li>Bosiljak<\/li>\n<li>Masla\u010dak<\/li>\n<\/ul>\n<p><strong>Lo\u0161i Susjedi:<\/strong><\/p>\n<ul>\n<li>Raj\u010dica<\/li>\n<li>Krastavci<\/li>\n<li>Kamilica<\/li>\n<li>Per\u0161in<\/li>\n<\/ul>\n<h3>Organska Za\u0161tita od \u0160teto\u010dina<\/h3>\n<ul>\n<li><strong>Mogu\u0107i \u0160tetnici:<\/strong> Lisne u\u0161i, pu\u017eevi.<\/li>\n<li><strong>Za\u0161tita:<\/strong> Biljke odvra\u0107aju \u0161teto\u010dine, redovito pregledavajte na znakove problema.<\/li>\n<\/ul>\n","protected":false},"excerpt":{"rendered":"<p>Starinsko organsko Sjeme Mordu\u0161ne Kadulje (mu\u0161katna kadulja) &#8211; Mirisna \u010carolija za Va\u0161 Vrt Sjeme mordu\u0161ne kadulje donosi mirisnu \u010daroliju u va\u0161 vrt. Mosu\u0161na kadulja je u narodu jo\u0161 poznata kao mu\u0161katna kadulja. Ovaj visokokvalitetni proizvod jam\u010di rast ove prepoznatljive aromati\u010dne biljke \u010dije li\u0161\u0107e pru\u017ea nevjerojatan miris i dodatnu vrijednost va\u0161em vrtu. U svakom paketi\u0107u ima&#8230;<\/p>\n","protected":false},"featured_media":14582,"template":"","meta":[],"product_cat":[130,148,150,146],"product_tag":[],"_links":{"self":[{"href":"https:\/\/pereglin.com\/razmjena\/wp-json\/wp\/v2\/product\/13820"}],"collection":[{"href":"https:\/\/pereglin.com\/razmjena\/wp-json\/wp\/v2\/product"}],"about":[{"href":"https:\/\/pereglin.com\/razmjena\/wp-json\/wp\/v2\/types\/product"}],"wp:featuredmedia":[{"embeddable":true,"href":"https:\/\/pereglin.com\/razmjena\/wp-json\/wp\/v2\/media\/14582"}],"wp:attachment":[{"href":"https:\/\/pereglin.com\/razmjena\/wp-json\/wp\/v2\/media?parent=13820"}],"wp:term":[{"taxonomy":"product_cat","embeddable":true,"href":"https:\/\/pereglin.com\/razmjena\/wp-json\/wp\/v2\/product_cat?post=13820"},{"taxonomy":"product_tag","embeddable":true,"href":"https:\/\/pereglin.com\/razmjena\/wp-json\/wp\/v2\/product_tag?post=13820"}],"curies":[{"name":"wp","href":"https:\/\/api.w.org\/{rel}","templated":true}]}}