{"id":13839,"date":"2024-01-11T17:36:13","date_gmt":"2024-01-11T16:36:13","guid":{"rendered":"https:\/\/pereglin.com\/razmjena\/?post_type=product&#038;p=13839"},"modified":"2024-01-31T17:45:39","modified_gmt":"2024-01-31T16:45:39","slug":"tikva-vrg-sijef-zelena-ukrasna-viseca-sjeme-starinsko-organsko","status":"publish","type":"product","link":"https:\/\/pereglin.com\/razmjena\/proizvod\/tikva-vrg-sijef-zelena-ukrasna-viseca-sjeme-starinsko-organsko\/","title":{"rendered":"Tikva Vrg \u0161ijef zelena ukrasna vise\u0107a sjeme starinsko organsko"},"content":{"rendered":"<h2>Organsko Sjeme Ukrasnog Vrga \u0161ijefa vise\u0107eg (sudovnja\u010da) &#8211; Bo\u017eanstvena Elegancija za Va\u0161 Vrt<\/h2>\n<p>Sjeme ukrasnog vrga unosi bo\u017eanstvenu eleganciju u va\u0161 vrt. Tikva vrg \u0161ljef je u narodu jo\u0161 poznata kao sudovnja\u010da. Ovaj visokokvalitetni proizvod obe\u0107ava prekrasne i dekorativne vrgove koji \u0107e o\u010darati va\u0161 vrt svojom jedinstvenom ljepotom.<\/p>\n<p>U svakom paketi\u0107u ima dovoljno sjemena za gusto posaditi na 2m kvadratna.<\/p>\n<h3>Vrijeme Sjetve<\/h3>\n<ul>\n<li><strong>Optimalno Vrijeme:<\/strong> Rano prolje\u0107e.<\/li>\n<li><strong>Dubina Sjetve:<\/strong> Pribli\u017eno 1 cm.<\/li>\n<li><strong>Razmak Izme\u0111u Biljaka:<\/strong> Preporu\u010deno 20-30 cm.<\/li>\n<\/ul>\n<h3>Vodene Potrebe<\/h3>\n<ul>\n<li><strong>Zalijevanje:<\/strong> Umjereno zalijevanje, odr\u017eavajte tlo ravnomjerno vla\u017enim.<\/li>\n<li><strong>Vla\u017enost Tla:<\/strong> Izbjegavajte prekomjernu vla\u017enost.<\/li>\n<\/ul>\n<h3>Gnojidba<\/h3>\n<ul>\n<li><strong>Preporu\u010deno Gnojivo:<\/strong> Univerzalno gnojivo s uravnote\u017eenim hranjivim tvarima.<\/li>\n<li><strong>Frekvencija Gnojidbe:<\/strong> Svaka 4-6 tjedana za poticanje bujnog rasta.<\/li>\n<\/ul>\n<h3>Sun\u010deva Svjetlost<\/h3>\n<ul>\n<li><strong>Potreba za Svjetlo\u0161\u0107u:<\/strong> Preferira svijetlo, ali podnosi i djelomi\u010dnu sjenu.<\/li>\n<li><strong>Trajanje Izlaganja Suncu:<\/strong> Minimalno 4-6 sati direktnog sun\u010devog svjetla dnevno.<\/li>\n<\/ul>\n<h3>Kompatibilnost u Vrtu<\/h3>\n<p><strong>Dobri Susjedi:<\/strong><\/p>\n<ul>\n<li>Lavanda<\/li>\n<li>Ru\u017ee<\/li>\n<li>Kamilica<\/li>\n<li>\u0110ur\u0111ica<\/li>\n<\/ul>\n<p><strong>Lo\u0161i Susjedi:<\/strong><\/p>\n<ul>\n<li>Paradajz<\/li>\n<li>Krastavci<\/li>\n<li>Per\u0161in<\/li>\n<li>Patlid\u017ean<\/li>\n<\/ul>\n<h3>Organska Za\u0161tita od \u0160teto\u010dina<\/h3>\n<ul>\n<li><strong>Mogu\u0107i \u0160tetnici:<\/strong> Lisne u\u0161i, grinje.<\/li>\n<li><strong>Za\u0161tita:<\/strong> Prirodni predatori, poput bubamara, i redovito ispiranje biljaka mlazom vode.<\/li>\n<\/ul>\n","protected":false},"excerpt":{"rendered":"<p>Organsko Sjeme Ukrasnog Vrga \u0161ijefa vise\u0107eg (sudovnja\u010da) &#8211; Bo\u017eanstvena Elegancija za Va\u0161 Vrt Sjeme ukrasnog vrga unosi bo\u017eanstvenu eleganciju u va\u0161 vrt. Tikva vrg \u0161ljef je u narodu jo\u0161 poznata kao sudovnja\u010da. Ovaj visokokvalitetni proizvod obe\u0107ava prekrasne i dekorativne vrgove koji \u0107e o\u010darati va\u0161 vrt svojom jedinstvenom ljepotom. U svakom paketi\u0107u ima dovoljno sjemena za&#8230;<\/p>\n","protected":false},"featured_media":14392,"template":"","meta":[],"product_cat":[132,147,149,145],"product_tag":[],"_links":{"self":[{"href":"https:\/\/pereglin.com\/razmjena\/wp-json\/wp\/v2\/product\/13839"}],"collection":[{"href":"https:\/\/pereglin.com\/razmjena\/wp-json\/wp\/v2\/product"}],"about":[{"href":"https:\/\/pereglin.com\/razmjena\/wp-json\/wp\/v2\/types\/product"}],"wp:featuredmedia":[{"embeddable":true,"href":"https:\/\/pereglin.com\/razmjena\/wp-json\/wp\/v2\/media\/14392"}],"wp:attachment":[{"href":"https:\/\/pereglin.com\/razmjena\/wp-json\/wp\/v2\/media?parent=13839"}],"wp:term":[{"taxonomy":"product_cat","embeddable":true,"href":"https:\/\/pereglin.com\/razmjena\/wp-json\/wp\/v2\/product_cat?post=13839"},{"taxonomy":"product_tag","embeddable":true,"href":"https:\/\/pereglin.com\/razmjena\/wp-json\/wp\/v2\/product_tag?post=13839"}],"curies":[{"name":"wp","href":"https:\/\/api.w.org\/{rel}","templated":true}]}}